{"id":1537,"date":"2020-05-03T15:21:39","date_gmt":"2020-05-03T15:21:39","guid":{"rendered":"http:\/\/bootsverleih-elstertal.de\/?page_id=1537"},"modified":"2020-05-03T15:48:20","modified_gmt":"2020-05-03T15:48:20","slug":"datenschutzerklaerung","status":"publish","type":"page","link":"https:\/\/bootsverleih-elstertal.de\/?page_id=1537","title":{"rendered":"Datenschutzerkl\u00e4rung"},"content":{"rendered":"\n<p>[<a href=\"http:\/\/bootsverleih-elstertal.de\/#contact\">ZUR\u00dcCK<\/a>]<\/p>\n\n\n\n<p><strong>Geltungsbereich<\/strong><\/p>\n\n\n\n<p>Diese Datenschutzerkl\u00e4rung soll die Nutzer dieser Website gem\u00e4\u00df Bundesdatenschutzgesetz und Telemediengesetz \u00fcber die Art, den Umfang und den Zweck der Erhebung und Verwendung personenbezogener Daten durch den Websitebetreiber trainingszeiten.kanuslalom.info informieren, der im Folgenden \u201e Websitebetreiber\u201c genannt wird.<\/p>\n\n\n\n<p><strong>Kontakt:<\/strong><\/p>\n\n\n\n<p>Annett Salzmann<br>Bootsverleih Elstertal<br>Bornitzer Hauptstra\u00dfe 32<br>06729 Elsteraue<\/p>\n\n\n\n<p>034424-300385<br>Fax: 034424-300818<br>E-Mail: info@bootsverleih-elstertal.de<\/p>\n\n\n\n<p>Der Websitebetreiber nimmt Ihren Datenschutz sehr ernst und behandelt Ihre personenbezogenen Daten vertraulich und entsprechend der gesetzlichen Vorschriften.<\/p>\n\n\n\n<p>Bedenken Sie, dass die Daten\u00fcbertragung im Internet grunds\u00e4tzlich mit Sicherheitsl\u00fccken bedacht sein kann. Ein vollumf\u00e4nglicher Schutz vor dem Zugriff durch Fremde ist nicht realisierbar.<\/p>\n\n\n\n<p><strong>Technische Zugriffsdaten<\/strong><\/p>\n\n\n\n<p>Der Websitebetreiber bzw. Seitenprovider erhebt Daten \u00fcber Zugriffe auf die Seite und speichert diese als \u201eServer-Logfiles\u201c ab. Folgende Daten werden so protokolliert:<\/p>\n\n\n\n<p>Besuchte Website<br>Uhrzeit zum Zeitpunkt des Zugriffes<br>Menge der gesendeten Daten in Byte<br>Quelle\/Verweis, von welchem Sie auf die Seite gelangten<br>Verwendeter Browser<br>Verwendetes Betriebssystem<br>Verwendete IP-Adresse<br>Die erhobenen Daten dienen lediglich statistischen Auswertungen, der Ermittlung von Belastungen zur Verbesserung der Serviceleistungen (z.B. Loadbalancing und Performance) und zur Verbesserung der Website. Der Websitebetreiber beh\u00e4lt sich allerdings vor, die Server-Logfiles nachtr\u00e4glich zu \u00fcberpr\u00fcfen, sollten konkrete Anhaltspunkte auf eine rechtswidrige Nutzung hinweisen.<\/p>\n\n\n\n<p><strong>Cookies<\/strong><\/p>\n\n\n\n<p>Bei Cookies handelt es sich um kleine Textdateien, welche auf Ihrem Endger\u00e4t gespeichert werden. Ihr Browser greift auf diese Dateien zu. Durch den Einsatz von Cookies l\u00e4sst sich die Benutzerfreundlichkeit und Sicherheit einer Website verbessern.<\/p>\n\n\n\n<p>Cookies sollen bei der Nutzung unserer Webseite grunds\u00e4tzlich nicht zur Anwendung kommen. Sie k\u00f6nnen aber auch selber Einstellungen Vornehmen, wenn sie nicht m\u00f6chten, dass Cookies gespeichert werden. G\u00e4ngige Browser bieten die Einstellungsoption, Cookies nicht zuzulassen. Hinweis: Es ist nicht gew\u00e4hrleistet, dass Sie auf alle Funktionen dieser Website ohne Einschr\u00e4nkungen zugreifen k\u00f6nnen, wenn Sie entsprechende Einstellungen vornehmen.<\/p>\n\n\n\n<p><strong>Umgang mit personenbezogenen Daten<\/strong><\/p>\n\n\n\n<p>Der Websitebetreiber erhebt, nutzt und gibt Ihre personenbezogenen Daten nur dann weiter, wenn dies im gesetzlichen Rahmen erlaubt ist oder Sie in die Datenerhebung einwilligen.<\/p>\n\n\n\n<p>Als personenbezogene Daten gelten s\u00e4mtliche Informationen, welche dazu dienen, Ihre Person zu bestimmen und welche zu Ihnen zur\u00fcckverfolgt werden k\u00f6nnen \u2013 also beispielsweise Ihr Name, Ihre E-Mail-Adresse und Telefonnummer.<\/p>\n\n\n\n<p><strong>Umgang mit Kontaktdaten<\/strong><\/p>\n\n\n\n<p>Nehmen Sie mit dem Websitebetreiber durch die angebotenen Kontaktm\u00f6glichkeiten Verbindung auf, werden Ihre Angaben gespeichert, damit auf diese zur Bearbeitung und Beantwortung Ihrer Anfrage zur\u00fcckgegriffen werden kann. Ohne Ihre Einwilligung werden diese Daten nicht an Dritte weitergegeben.<\/p>\n\n\n\n<p><strong>Rechte des Nutzers: Auskunft, Berichtigung und L\u00f6schung<\/strong><\/p>\n\n\n\n<p>Sie als Nutzer erhalten auf Antrag Ihrerseits kostenlose Auskunft dar\u00fcber, welche personenbezogenen Daten \u00fcber Sie gespeichert wurden. Sofern Ihr Wunsch nicht mit einer gesetzlichen Pflicht zur Aufbewahrung von Daten (z. B. Vorratsdatenspeicherung) kollidiert, haben Sie ein Anrecht auf Berichtigung falscher Daten und auf die Sperrung oder L\u00f6schung Ihrer personenbezogenen Daten.<\/p>\n","protected":false},"excerpt":{"rendered":"<p>[ZUR\u00dcCK] Geltungsbereich Diese Datenschutzerkl\u00e4rung soll die Nutzer dieser Website gem\u00e4\u00df Bundesdatenschutzgesetz und Telemediengesetz \u00fcber die Art, den Umfang und den Zweck der Erhebung und Verwendung personenbezogener Daten durch den Websitebetreiber &#8230;<\/p>\n","protected":false},"author":1,"featured_media":0,"parent":0,"menu_order":0,"comment_status":"closed","ping_status":"closed","template":"","meta":{"footnotes":""},"class_list":["post-1537","page","type-page","status-publish","hentry"],"_links":{"self":[{"href":"https:\/\/bootsverleih-elstertal.de\/index.php?rest_route=\/wp\/v2\/pages\/1537","targetHints":{"allow":["GET"]}}],"collection":[{"href":"https:\/\/bootsverleih-elstertal.de\/index.php?rest_route=\/wp\/v2\/pages"}],"about":[{"href":"https:\/\/bootsverleih-elstertal.de\/index.php?rest_route=\/wp\/v2\/types\/page"}],"author":[{"embeddable":true,"href":"https:\/\/bootsverleih-elstertal.de\/index.php?rest_route=\/wp\/v2\/users\/1"}],"replies":[{"embeddable":true,"href":"https:\/\/bootsverleih-elstertal.de\/index.php?rest_route=%2Fwp%2Fv2%2Fcomments&post=1537"}],"version-history":[{"count":3,"href":"https:\/\/bootsverleih-elstertal.de\/index.php?rest_route=\/wp\/v2\/pages\/1537\/revisions"}],"predecessor-version":[{"id":1549,"href":"https:\/\/bootsverleih-elstertal.de\/index.php?rest_route=\/wp\/v2\/pages\/1537\/revisions\/1549"}],"wp:attachment":[{"href":"https:\/\/bootsverleih-elstertal.de\/index.php?rest_route=%2Fwp%2Fv2%2Fmedia&parent=1537"}],"curies":[{"name":"wp","href":"https:\/\/api.w.org\/{rel}","templated":true}]}}